{"id":65,"date":"2023-05-07T02:17:47","date_gmt":"2023-05-07T02:17:47","guid":{"rendered":"https:\/\/prepasigloxxi.org\/wordpress\/?page_id=65"},"modified":"2023-05-17T00:47:10","modified_gmt":"2023-05-17T00:47:10","slug":"nuestro-equipo","status":"publish","type":"page","link":"https:\/\/prepasigloxxi.org\/wordpress\/index.php\/nuestro-equipo\/","title":{"rendered":"Nuestro Equipo"},"content":{"rendered":"\n<h2 class=\"wp-block-heading\">Direcci\u00f3n<\/h2>\n\n\n\n<div class=\"wp-block-columns is-layout-flex wp-container-3\">\n<div class=\"wp-block-column is-layout-flow\">\n<figure class=\"wp-block-image size-large\"><img decoding=\"async\" loading=\"lazy\" width=\"1024\" height=\"575\" src=\"https:\/\/prepasigloxxi.org\/wordpress\/wp-content\/uploads\/2023\/05\/DSC02285-scaled-3-1024x575.jpg\" alt=\"\" class=\"wp-image-2513\" srcset=\"https:\/\/prepasigloxxi.org\/wordpress\/wp-content\/uploads\/2023\/05\/DSC02285-scaled-3-1024x575.jpg 1024w, https:\/\/prepasigloxxi.org\/wordpress\/wp-content\/uploads\/2023\/05\/DSC02285-scaled-3-300x169.jpg 300w, https:\/\/prepasigloxxi.org\/wordpress\/wp-content\/uploads\/2023\/05\/DSC02285-scaled-3-768x431.jpg 768w, https:\/\/prepasigloxxi.org\/wordpress\/wp-content\/uploads\/2023\/05\/DSC02285-scaled-3-1536x863.jpg 1536w, https:\/\/prepasigloxxi.org\/wordpress\/wp-content\/uploads\/2023\/05\/DSC02285-scaled-3-2048x1150.jpg 2048w\" sizes=\"(max-width: 1024px) 100vw, 1024px\" \/><\/figure>\n\n\n\n<h3 class=\"wp-block-heading has-text-align-center\">UBALDINO CASTA\u00d1EDA<\/h3>\n\n\n\n<pre class=\"wp-block-verse has-text-align-center\">DIRECTOR<\/pre>\n<\/div>\n\n\n\n<div class=\"wp-block-column is-layout-flow\">\n<figure class=\"wp-block-image size-large\"><img decoding=\"async\" loading=\"lazy\" width=\"1024\" height=\"575\" src=\"https:\/\/prepasigloxxi.org\/wordpress\/wp-content\/uploads\/2023\/05\/DSC02238-scaled-3-1024x575.jpg\" alt=\"\" class=\"wp-image-2514\" srcset=\"https:\/\/prepasigloxxi.org\/wordpress\/wp-content\/uploads\/2023\/05\/DSC02238-scaled-3-1024x575.jpg 1024w, https:\/\/prepasigloxxi.org\/wordpress\/wp-content\/uploads\/2023\/05\/DSC02238-scaled-3-300x169.jpg 300w, https:\/\/prepasigloxxi.org\/wordpress\/wp-content\/uploads\/2023\/05\/DSC02238-scaled-3-768x431.jpg 768w, https:\/\/prepasigloxxi.org\/wordpress\/wp-content\/uploads\/2023\/05\/DSC02238-scaled-3-1536x863.jpg 1536w, https:\/\/prepasigloxxi.org\/wordpress\/wp-content\/uploads\/2023\/05\/DSC02238-scaled-3-2048x1150.jpg 2048w\" sizes=\"(max-width: 1024px) 100vw, 1024px\" \/><\/figure>\n\n\n\n<h3 class=\"wp-block-heading has-text-align-center\">MITZI FUENTES<\/h3>\n\n\n\n<pre class=\"wp-block-verse has-text-align-center\">GESTI\u00d3N ESCOLAR\ngestionescolar@prepasigloxxi.org<\/pre>\n<\/div>\n<\/div>\n\n\n\n<h2 class=\"wp-block-heading\">Profesores<\/h2>\n\n\n\n<div class=\"wp-block-columns is-layout-flex wp-container-6\">\n<div class=\"wp-block-column is-layout-flow\">\n<figure class=\"wp-block-image size-large\"><img decoding=\"async\" loading=\"lazy\" width=\"1024\" height=\"575\" src=\"https:\/\/prepasigloxxi.org\/wordpress\/wp-content\/uploads\/2023\/05\/DSC02216-scaled-4-1024x575.jpg\" alt=\"\" class=\"wp-image-2516\" srcset=\"https:\/\/prepasigloxxi.org\/wordpress\/wp-content\/uploads\/2023\/05\/DSC02216-scaled-4-1024x575.jpg 1024w, https:\/\/prepasigloxxi.org\/wordpress\/wp-content\/uploads\/2023\/05\/DSC02216-scaled-4-300x169.jpg 300w, https:\/\/prepasigloxxi.org\/wordpress\/wp-content\/uploads\/2023\/05\/DSC02216-scaled-4-768x431.jpg 768w, https:\/\/prepasigloxxi.org\/wordpress\/wp-content\/uploads\/2023\/05\/DSC02216-scaled-4-1536x863.jpg 1536w, https:\/\/prepasigloxxi.org\/wordpress\/wp-content\/uploads\/2023\/05\/DSC02216-scaled-4-2048x1150.jpg 2048w\" sizes=\"(max-width: 1024px) 100vw, 1024px\" \/><\/figure>\n\n\n\n<h3 class=\"wp-block-heading has-text-align-center\">RAMIRO P\u00c9REZ<\/h3>\n\n\n\n<pre class=\"wp-block-verse has-text-align-center\">CIENCIAS SOCIALES\nramiro.perez@prepasigloxxi.org<\/pre>\n\n\n\n<figure class=\"wp-block-image size-large\"><img decoding=\"async\" loading=\"lazy\" width=\"1024\" height=\"575\" src=\"https:\/\/prepasigloxxi.org\/wordpress\/wp-content\/uploads\/2023\/05\/DSC02180-scaled-4-1024x575.jpg\" alt=\"\" class=\"wp-image-2522\" srcset=\"https:\/\/prepasigloxxi.org\/wordpress\/wp-content\/uploads\/2023\/05\/DSC02180-scaled-4-1024x575.jpg 1024w, https:\/\/prepasigloxxi.org\/wordpress\/wp-content\/uploads\/2023\/05\/DSC02180-scaled-4-300x169.jpg 300w, https:\/\/prepasigloxxi.org\/wordpress\/wp-content\/uploads\/2023\/05\/DSC02180-scaled-4-768x431.jpg 768w, https:\/\/prepasigloxxi.org\/wordpress\/wp-content\/uploads\/2023\/05\/DSC02180-scaled-4-1536x863.jpg 1536w, https:\/\/prepasigloxxi.org\/wordpress\/wp-content\/uploads\/2023\/05\/DSC02180-scaled-4-2048x1150.jpg 2048w\" sizes=\"(max-width: 1024px) 100vw, 1024px\" \/><\/figure>\n\n\n\n<h3 class=\"wp-block-heading has-text-align-center\">DANIEL P\u00c9REZ<\/h3>\n\n\n\n<pre class=\"wp-block-verse has-text-align-center\">INGL\u00c9S\ndaniel.perez@prepasigloxxi.org<\/pre>\n<\/div>\n\n\n\n<div class=\"wp-block-column is-layout-flow\">\n<figure class=\"wp-block-image size-large\"><img decoding=\"async\" loading=\"lazy\" width=\"1024\" height=\"575\" src=\"https:\/\/prepasigloxxi.org\/wordpress\/wp-content\/uploads\/2023\/05\/DSC02220-scaled-3-1024x575.jpg\" alt=\"\" class=\"wp-image-2517\" srcset=\"https:\/\/prepasigloxxi.org\/wordpress\/wp-content\/uploads\/2023\/05\/DSC02220-scaled-3-1024x575.jpg 1024w, https:\/\/prepasigloxxi.org\/wordpress\/wp-content\/uploads\/2023\/05\/DSC02220-scaled-3-300x169.jpg 300w, https:\/\/prepasigloxxi.org\/wordpress\/wp-content\/uploads\/2023\/05\/DSC02220-scaled-3-768x431.jpg 768w, https:\/\/prepasigloxxi.org\/wordpress\/wp-content\/uploads\/2023\/05\/DSC02220-scaled-3-1536x863.jpg 1536w, https:\/\/prepasigloxxi.org\/wordpress\/wp-content\/uploads\/2023\/05\/DSC02220-scaled-3-2048x1150.jpg 2048w\" sizes=\"(max-width: 1024px) 100vw, 1024px\" \/><\/figure>\n\n\n\n<h3 class=\"wp-block-heading has-text-align-center\">AXEL PACHECO<\/h3>\n\n\n\n<pre class=\"wp-block-verse has-text-align-center\">COMPUTACI\u00d3N\naxel.pacheco@prepasigloxxi.org<\/pre>\n\n\n\n<figure class=\"wp-block-image size-large\"><img decoding=\"async\" loading=\"lazy\" width=\"1024\" height=\"575\" src=\"https:\/\/prepasigloxxi.org\/wordpress\/wp-content\/uploads\/2023\/05\/DSC02192-scaled-2-1024x575.jpg\" alt=\"\" class=\"wp-image-2523\" srcset=\"https:\/\/prepasigloxxi.org\/wordpress\/wp-content\/uploads\/2023\/05\/DSC02192-scaled-2-1024x575.jpg 1024w, https:\/\/prepasigloxxi.org\/wordpress\/wp-content\/uploads\/2023\/05\/DSC02192-scaled-2-300x169.jpg 300w, https:\/\/prepasigloxxi.org\/wordpress\/wp-content\/uploads\/2023\/05\/DSC02192-scaled-2-768x431.jpg 768w, https:\/\/prepasigloxxi.org\/wordpress\/wp-content\/uploads\/2023\/05\/DSC02192-scaled-2-1536x863.jpg 1536w, https:\/\/prepasigloxxi.org\/wordpress\/wp-content\/uploads\/2023\/05\/DSC02192-scaled-2-2048x1150.jpg 2048w\" sizes=\"(max-width: 1024px) 100vw, 1024px\" \/><\/figure>\n\n\n\n<h3 class=\"wp-block-heading has-text-align-center\">CARLOS PANTLE<\/h3>\n\n\n\n<pre class=\"wp-block-verse has-text-align-center\">F\u00cdSICO\/MATEM\u00c1TICAS\ncarlos.pantle@prepasigloxxi.org<\/pre>\n<\/div>\n<\/div>\n\n\n\n<div style=\"height:20px\" aria-hidden=\"true\" class=\"wp-block-spacer\"><\/div>\n\n\n\n<div class=\"wp-block-buttons is-content-justification-center is-layout-flex wp-container-7\">\n<div class=\"wp-block-button is-style-outline\"><a class=\"wp-block-button__link has-dark-blue-color has-primary-background-color has-text-color has-background has-text-align-center wp-element-button\">M\u00c1S INFORMACI\u00d3N<\/a><\/div>\n<\/div>\n\n\n\n<div style=\"height:20px\" aria-hidden=\"true\" class=\"wp-block-spacer\"><\/div>\n\n\n\n<h2 class=\"wp-block-heading\">Apoyo \u00e1cademico<\/h2>\n\n\n\n<div class=\"wp-block-columns is-layout-flex wp-container-10\">\n<div class=\"wp-block-column is-layout-flow\">\n<figure class=\"wp-block-image size-large\"><img decoding=\"async\" loading=\"lazy\" width=\"1024\" height=\"575\" src=\"https:\/\/prepasigloxxi.org\/wordpress\/wp-content\/uploads\/2023\/05\/DSC02275-scaled-1-1024x575.jpg\" alt=\"\" class=\"wp-image-2532\" srcset=\"https:\/\/prepasigloxxi.org\/wordpress\/wp-content\/uploads\/2023\/05\/DSC02275-scaled-1-1024x575.jpg 1024w, https:\/\/prepasigloxxi.org\/wordpress\/wp-content\/uploads\/2023\/05\/DSC02275-scaled-1-300x169.jpg 300w, https:\/\/prepasigloxxi.org\/wordpress\/wp-content\/uploads\/2023\/05\/DSC02275-scaled-1-768x431.jpg 768w, https:\/\/prepasigloxxi.org\/wordpress\/wp-content\/uploads\/2023\/05\/DSC02275-scaled-1-1536x863.jpg 1536w, https:\/\/prepasigloxxi.org\/wordpress\/wp-content\/uploads\/2023\/05\/DSC02275-scaled-1-2048x1150.jpg 2048w\" sizes=\"(max-width: 1024px) 100vw, 1024px\" \/><\/figure>\n\n\n\n<h3 class=\"wp-block-heading has-text-align-center\">JENY RANGEL<\/h3>\n\n\n\n<pre class=\"wp-block-verse has-text-align-center\">APOYO PSICOL\u00d3GICO<\/pre>\n<\/div>\n\n\n\n<div class=\"wp-block-column is-layout-flow\">\n<figure class=\"wp-block-image size-large\"><img decoding=\"async\" loading=\"lazy\" width=\"1024\" height=\"575\" src=\"https:\/\/prepasigloxxi.org\/wordpress\/wp-content\/uploads\/2023\/05\/DSC02203-scaled-2-1024x575.jpg\" alt=\"\" class=\"wp-image-2533\" srcset=\"https:\/\/prepasigloxxi.org\/wordpress\/wp-content\/uploads\/2023\/05\/DSC02203-scaled-2-1024x575.jpg 1024w, https:\/\/prepasigloxxi.org\/wordpress\/wp-content\/uploads\/2023\/05\/DSC02203-scaled-2-300x169.jpg 300w, https:\/\/prepasigloxxi.org\/wordpress\/wp-content\/uploads\/2023\/05\/DSC02203-scaled-2-768x431.jpg 768w, https:\/\/prepasigloxxi.org\/wordpress\/wp-content\/uploads\/2023\/05\/DSC02203-scaled-2-1536x863.jpg 1536w, https:\/\/prepasigloxxi.org\/wordpress\/wp-content\/uploads\/2023\/05\/DSC02203-scaled-2-2048x1150.jpg 2048w\" sizes=\"(max-width: 1024px) 100vw, 1024px\" \/><\/figure>\n\n\n\n<h3 class=\"wp-block-heading has-text-align-center\">ALEJANDRO GONZ\u00c1LEZ<\/h3>\n\n\n\n<pre class=\"wp-block-verse has-text-align-center\">ASESOR EDUCATIVO\ncontacto@prepasigloxxi.org<\/pre>\n<\/div>\n<\/div>\n","protected":false},"excerpt":{"rendered":"<p>Direcci\u00f3n UBALDINO CASTA\u00d1EDA DIRECTOR MITZI FUENTES GESTI\u00d3N ESCOLAR gestionescolar@prepasigloxxi.org Profesores RAMIRO P\u00c9REZ CIENCIAS SOCIALES ramiro.perez@prepasigloxxi.org [&hellip;]<\/p>\n","protected":false},"author":1,"featured_media":0,"parent":0,"menu_order":0,"comment_status":"closed","ping_status":"closed","template":"","meta":[],"_links":{"self":[{"href":"https:\/\/prepasigloxxi.org\/wordpress\/index.php\/wp-json\/wp\/v2\/pages\/65"}],"collection":[{"href":"https:\/\/prepasigloxxi.org\/wordpress\/index.php\/wp-json\/wp\/v2\/pages"}],"about":[{"href":"https:\/\/prepasigloxxi.org\/wordpress\/index.php\/wp-json\/wp\/v2\/types\/page"}],"author":[{"embeddable":true,"href":"https:\/\/prepasigloxxi.org\/wordpress\/index.php\/wp-json\/wp\/v2\/users\/1"}],"replies":[{"embeddable":true,"href":"https:\/\/prepasigloxxi.org\/wordpress\/index.php\/wp-json\/wp\/v2\/comments?post=65"}],"version-history":[{"count":20,"href":"https:\/\/prepasigloxxi.org\/wordpress\/index.php\/wp-json\/wp\/v2\/pages\/65\/revisions"}],"predecessor-version":[{"id":2539,"href":"https:\/\/prepasigloxxi.org\/wordpress\/index.php\/wp-json\/wp\/v2\/pages\/65\/revisions\/2539"}],"wp:attachment":[{"href":"https:\/\/prepasigloxxi.org\/wordpress\/index.php\/wp-json\/wp\/v2\/media?parent=65"}],"curies":[{"name":"wp","href":"https:\/\/api.w.org\/{rel}","templated":true}]}}