{"id":47,"date":"2023-05-07T01:43:21","date_gmt":"2023-05-07T01:43:21","guid":{"rendered":"https:\/\/prepasigloxxi.org\/wordpress\/?page_id=47"},"modified":"2023-05-16T00:43:22","modified_gmt":"2023-05-16T00:43:22","slug":"quienes-somos","status":"publish","type":"page","link":"https:\/\/prepasigloxxi.org\/wordpress\/index.php\/quienes-somos\/","title":{"rendered":"\u00bfQui\u00e9nes Somos?"},"content":{"rendered":"\n<h2 class=\"wp-block-heading has-text-align-center\">Misi\u00f3n<\/h2>\n\n\n\n<p class=\"has-text-align-left\">Es misi\u00f3n de la Preparatoria Siglo XXI S.C., brindar educaci\u00f3n de calidad, impulsando a las personas para que su incorporaci\u00f3n al mundo laborar sea las m\u00e1s adecuada, brind\u00e1ndoles las aptitudes y conocimientos necesarios a fin de que sean lideres y pioneros en la transformaci\u00f3n de la sociedad.<\/p>\n\n\n\n<figure class=\"wp-block-gallery has-nested-images columns-default is-cropped wp-block-gallery-1 is-layout-flex\">\n<figure class=\"wp-block-image size-large\"><a href=\"https:\/\/prepasigloxxi.org\/wordpress\/wp-content\/uploads\/2023\/05\/DSC02167-2000x1124-1.jpg\"><img decoding=\"async\" loading=\"lazy\" width=\"1024\" height=\"575\" data-id=\"2464\"  src=\"https:\/\/prepasigloxxi.org\/wordpress\/wp-content\/uploads\/2023\/05\/DSC02167-2000x1124-1-1024x575.jpg\" alt=\"\" class=\"wp-image-2464\" srcset=\"https:\/\/prepasigloxxi.org\/wordpress\/wp-content\/uploads\/2023\/05\/DSC02167-2000x1124-1-1024x575.jpg 1024w, https:\/\/prepasigloxxi.org\/wordpress\/wp-content\/uploads\/2023\/05\/DSC02167-2000x1124-1-300x169.jpg 300w, https:\/\/prepasigloxxi.org\/wordpress\/wp-content\/uploads\/2023\/05\/DSC02167-2000x1124-1-768x432.jpg 768w, https:\/\/prepasigloxxi.org\/wordpress\/wp-content\/uploads\/2023\/05\/DSC02167-2000x1124-1-1536x863.jpg 1536w, https:\/\/prepasigloxxi.org\/wordpress\/wp-content\/uploads\/2023\/05\/DSC02167-2000x1124-1.jpg 2000w\" sizes=\"(max-width: 1024px) 100vw, 1024px\" \/><\/a><\/figure>\n\n\n\n<figure class=\"wp-block-image size-large\"><a href=\"https:\/\/prepasigloxxi.org\/wordpress\/wp-content\/uploads\/2023\/05\/DSC02451-2000x1124-1.jpg\"><img decoding=\"async\" loading=\"lazy\" width=\"1024\" height=\"575\" data-id=\"2463\"  src=\"https:\/\/prepasigloxxi.org\/wordpress\/wp-content\/uploads\/2023\/05\/DSC02451-2000x1124-1-1024x575.jpg\" alt=\"\" class=\"wp-image-2463\" srcset=\"https:\/\/prepasigloxxi.org\/wordpress\/wp-content\/uploads\/2023\/05\/DSC02451-2000x1124-1-1024x575.jpg 1024w, https:\/\/prepasigloxxi.org\/wordpress\/wp-content\/uploads\/2023\/05\/DSC02451-2000x1124-1-300x169.jpg 300w, https:\/\/prepasigloxxi.org\/wordpress\/wp-content\/uploads\/2023\/05\/DSC02451-2000x1124-1-768x432.jpg 768w, https:\/\/prepasigloxxi.org\/wordpress\/wp-content\/uploads\/2023\/05\/DSC02451-2000x1124-1-1536x863.jpg 1536w, https:\/\/prepasigloxxi.org\/wordpress\/wp-content\/uploads\/2023\/05\/DSC02451-2000x1124-1.jpg 2000w\" sizes=\"(max-width: 1024px) 100vw, 1024px\" \/><\/a><\/figure>\n<\/figure>\n\n\n\n<h2 class=\"wp-block-heading has-text-align-center\">Visi\u00f3n<\/h2>\n\n\n\n<p>Queremos ser lideres en educaci\u00f3n, utilizando la educaci\u00f3n como un agente de cambio para que las personas puedan tener una visi\u00f3n distinta al mundo que las rodea y as\u00ed poder mejorar su calidad de vida.<\/p>\n\n\n\n<h2 class=\"wp-block-heading has-text-align-center\">Historia<\/h2>\n\n\n\n<p>&nbsp;Siglo XXI fue fundada en 1996 gracias a la visi\u00f3n del director y esposa, quienes juntos formaron una sociedad civil, que en un inicio se llam\u00f3 Centro de Estudios de Computaci\u00f3n SIGLO XXI, que se centr\u00f3 en la carrera de computaci\u00f3n y sus ramas, quienes vieron las necesidades de la poblaci\u00f3n de aprender a utilizar las herramientas digitales que la \u00e9poca exig\u00eda. Tiempo despu\u00e9s se inaugur\u00f3 el \u00e1rea de Preparatoria Abierta Siglo XXI S.C., donde vieron la necesidad que los j\u00f3venes adultos ten\u00edan por obtener el grado acad\u00e9mico, tiempo despu\u00e9s se reconstruy\u00f3 este sistema centr\u00e1ndolo en Bachillerato General No Escolarizado.<\/p>\n\n\n\n<p>&nbsp;A 25 a\u00f1os de su inauguraci\u00f3n, Siglo XXI es una instituci\u00f3n privada, comprometida a destacar la calidad de la educaci\u00f3n, respald\u00e1ndonos cientos de generaciones que concluyeron en este instituto<\/p>\n\n\n\n<figure class=\"wp-block-gallery has-nested-images columns-3 is-cropped wp-block-gallery-3 is-layout-flex\">\n<figure class=\"wp-block-image size-thumbnail\"><a href=\"https:\/\/prepasigloxxi.org\/wordpress\/wp-content\/uploads\/2023\/05\/cropped-photo5134236835608898037.jpg\"><img decoding=\"async\" loading=\"lazy\" width=\"150\" height=\"150\" data-id=\"2467\"  src=\"https:\/\/prepasigloxxi.org\/wordpress\/wp-content\/uploads\/2023\/05\/cropped-photo5134236835608898037-150x150.jpg\" alt=\"\" class=\"wp-image-2467\"\/><\/a><\/figure>\n\n\n\n<figure class=\"wp-block-image size-thumbnail\"><a href=\"https:\/\/prepasigloxxi.org\/wordpress\/wp-content\/uploads\/2023\/05\/Foto_2022-01-06_154140.jpg\"><img decoding=\"async\" loading=\"lazy\" width=\"150\" height=\"150\" data-id=\"2475\"  src=\"https:\/\/prepasigloxxi.org\/wordpress\/wp-content\/uploads\/2023\/05\/Foto_2022-01-06_154140-150x150.jpg\" alt=\"\" class=\"wp-image-2475\"\/><\/a><\/figure>\n\n\n\n<figure class=\"wp-block-image size-thumbnail\"><a href=\"https:\/\/prepasigloxxi.org\/wordpress\/wp-content\/uploads\/2023\/05\/Foto_2022-01-06_154140-copia.jpg\"><img decoding=\"async\" loading=\"lazy\" width=\"150\" height=\"150\" data-id=\"2473\"  src=\"https:\/\/prepasigloxxi.org\/wordpress\/wp-content\/uploads\/2023\/05\/Foto_2022-01-06_154140-copia-150x150.jpg\" alt=\"\" class=\"wp-image-2473\"\/><\/a><\/figure>\n\n\n\n<figure class=\"wp-block-image size-thumbnail\"><a href=\"https:\/\/prepasigloxxi.org\/wordpress\/wp-content\/uploads\/2023\/05\/Foto_2022-01-06_154140-copia-copia.jpg\"><img decoding=\"async\" loading=\"lazy\" width=\"150\" height=\"150\" data-id=\"2471\"  src=\"https:\/\/prepasigloxxi.org\/wordpress\/wp-content\/uploads\/2023\/05\/Foto_2022-01-06_154140-copia-copia-150x150.jpg\" alt=\"\" class=\"wp-image-2471\"\/><\/a><\/figure>\n\n\n\n<figure class=\"wp-block-image size-thumbnail\"><a href=\"https:\/\/prepasigloxxi.org\/wordpress\/wp-content\/uploads\/2023\/05\/Foto_2022-01-06_154256-copia.jpg\"><img decoding=\"async\" loading=\"lazy\" width=\"150\" height=\"150\" data-id=\"2474\"  src=\"https:\/\/prepasigloxxi.org\/wordpress\/wp-content\/uploads\/2023\/05\/Foto_2022-01-06_154256-copia-150x150.jpg\" alt=\"\" class=\"wp-image-2474\"\/><\/a><\/figure>\n\n\n\n<figure class=\"wp-block-image size-thumbnail\"><a href=\"https:\/\/prepasigloxxi.org\/wordpress\/wp-content\/uploads\/2023\/05\/Foto_2022-01-06_154256-copia-copia.jpg\"><img decoding=\"async\" loading=\"lazy\" width=\"150\" height=\"150\" data-id=\"2469\"  src=\"https:\/\/prepasigloxxi.org\/wordpress\/wp-content\/uploads\/2023\/05\/Foto_2022-01-06_154256-copia-copia-150x150.jpg\" alt=\"\" class=\"wp-image-2469\"\/><\/a><\/figure>\n\n\n\n<figure class=\"wp-block-image size-thumbnail\"><a href=\"https:\/\/prepasigloxxi.org\/wordpress\/wp-content\/uploads\/2023\/05\/Foto_2022-01-06_154414-copia.jpg\"><img decoding=\"async\" loading=\"lazy\" width=\"150\" height=\"150\" data-id=\"2470\"  src=\"https:\/\/prepasigloxxi.org\/wordpress\/wp-content\/uploads\/2023\/05\/Foto_2022-01-06_154414-copia-150x150.jpg\" alt=\"\" class=\"wp-image-2470\"\/><\/a><\/figure>\n\n\n\n<figure class=\"wp-block-image size-thumbnail\"><a href=\"https:\/\/prepasigloxxi.org\/wordpress\/wp-content\/uploads\/2023\/05\/Foto_2022-01-06_154516.jpg\"><img decoding=\"async\" loading=\"lazy\" width=\"150\" height=\"150\" data-id=\"2472\"  src=\"https:\/\/prepasigloxxi.org\/wordpress\/wp-content\/uploads\/2023\/05\/Foto_2022-01-06_154516-150x150.jpg\" alt=\"\" class=\"wp-image-2472\"\/><\/a><\/figure>\n\n\n\n<figure class=\"wp-block-image size-thumbnail\"><a href=\"https:\/\/prepasigloxxi.org\/wordpress\/wp-content\/uploads\/2023\/05\/Foto_2022-01-06_154516-copia.jpg\"><img decoding=\"async\" loading=\"lazy\" width=\"150\" height=\"150\" data-id=\"2468\"  src=\"https:\/\/prepasigloxxi.org\/wordpress\/wp-content\/uploads\/2023\/05\/Foto_2022-01-06_154516-copia-150x150.jpg\" alt=\"\" class=\"wp-image-2468\"\/><\/a><\/figure>\n\n\n\n<figure class=\"wp-block-image size-thumbnail\"><a href=\"https:\/\/prepasigloxxi.org\/wordpress\/wp-content\/uploads\/2023\/05\/Foto_2022-01-06_154913-2000x796-1.png\"><img decoding=\"async\" loading=\"lazy\" width=\"150\" height=\"150\" data-id=\"2477\"  src=\"https:\/\/prepasigloxxi.org\/wordpress\/wp-content\/uploads\/2023\/05\/Foto_2022-01-06_154913-2000x796-1-150x150.png\" alt=\"\" class=\"wp-image-2477\"\/><\/a><\/figure>\n\n\n\n<figure class=\"wp-block-image size-thumbnail\"><a href=\"https:\/\/prepasigloxxi.org\/wordpress\/wp-content\/uploads\/2023\/05\/Graduacion1.png\"><img decoding=\"async\" loading=\"lazy\" width=\"150\" height=\"150\" data-id=\"2478\"  src=\"https:\/\/prepasigloxxi.org\/wordpress\/wp-content\/uploads\/2023\/05\/Graduacion1-150x150.png\" alt=\"\" class=\"wp-image-2478\"\/><\/a><\/figure>\n\n\n\n<figure class=\"wp-block-image size-thumbnail\"><a href=\"https:\/\/prepasigloxxi.org\/wordpress\/wp-content\/uploads\/2023\/05\/Graduacion3.png\"><img decoding=\"async\" loading=\"lazy\" width=\"150\" height=\"150\" data-id=\"2476\"  src=\"https:\/\/prepasigloxxi.org\/wordpress\/wp-content\/uploads\/2023\/05\/Graduacion3-150x150.png\" alt=\"\" class=\"wp-image-2476\"\/><\/a><\/figure>\n<\/figure>\n","protected":false},"excerpt":{"rendered":"<p>Misi\u00f3n Es misi\u00f3n de la Preparatoria Siglo XXI S.C., brindar educaci\u00f3n de calidad, impulsando a [&hellip;]<\/p>\n","protected":false},"author":1,"featured_media":0,"parent":0,"menu_order":0,"comment_status":"closed","ping_status":"closed","template":"","meta":[],"_links":{"self":[{"href":"https:\/\/prepasigloxxi.org\/wordpress\/index.php\/wp-json\/wp\/v2\/pages\/47"}],"collection":[{"href":"https:\/\/prepasigloxxi.org\/wordpress\/index.php\/wp-json\/wp\/v2\/pages"}],"about":[{"href":"https:\/\/prepasigloxxi.org\/wordpress\/index.php\/wp-json\/wp\/v2\/types\/page"}],"author":[{"embeddable":true,"href":"https:\/\/prepasigloxxi.org\/wordpress\/index.php\/wp-json\/wp\/v2\/users\/1"}],"replies":[{"embeddable":true,"href":"https:\/\/prepasigloxxi.org\/wordpress\/index.php\/wp-json\/wp\/v2\/comments?post=47"}],"version-history":[{"count":3,"href":"https:\/\/prepasigloxxi.org\/wordpress\/index.php\/wp-json\/wp\/v2\/pages\/47\/revisions"}],"predecessor-version":[{"id":2479,"href":"https:\/\/prepasigloxxi.org\/wordpress\/index.php\/wp-json\/wp\/v2\/pages\/47\/revisions\/2479"}],"wp:attachment":[{"href":"https:\/\/prepasigloxxi.org\/wordpress\/index.php\/wp-json\/wp\/v2\/media?parent=47"}],"curies":[{"name":"wp","href":"https:\/\/api.w.org\/{rel}","templated":true}]}}